{"id":14,"date":"2018-10-16T13:15:30","date_gmt":"2018-10-16T13:15:30","guid":{"rendered":"http:\/\/www.gmcendustriyel.com\/index.php\/faqs\/"},"modified":"2024-04-17T15:08:39","modified_gmt":"2024-04-17T15:08:39","slug":"enerji-verimliligi","status":"publish","type":"page","link":"https:\/\/www.gmcendustriyel.com\/index.php\/enerji-verimliligi\/","title":{"rendered":"Enerji Verimlili\u011fi"},"content":{"rendered":"\n\n\t\t\t\t<img loading=\"lazy\" decoding=\"async\" src=\"https:\/\/www.gmcendustriyel.com\/wp-content\/uploads\/2024\/04\/gmc-logo-yatay.png\" alt=\"gmc logo yatay\" itemprop=\"image\" height=\"247\" width=\"1602\" title=\"gmc logo yatay\" onerror=\"this.style.display='none'\"  \/>\n\t\t\t\t<img decoding=\"async\" src=\"http:\/\/www.gmcendustriyel.com\/wp-content\/uploads\/2022\/09\/energysavingg.webp\" alt=\"energysavingg\" itemprop=\"image\" title=\"energysavingg\" onerror=\"this.style.display='none'\"  \/>\n\t\t\t<a href=\"http:\/\/sales@gmcendustriyel.com\" target=\"_blank\" rel=\"noopener\">\n\t\t\t\t\t\tsales@gmcendustriyel.com\n\t\t\t\t\t<\/a>\n\t\t\t<a href=\"http:\/\/www.gmcendustriyel.com\/index.php\/iletisim\/\" target=\"_blank\" rel=\"noopener\">\n\t\t\t\t\t\t+90 545 569 5678\n\t\t\t\t\t<\/a>\n<h2>\n\t\tBas\u0131n\u00e7l\u0131 Hava Enerji Verimlili\u011fi\n\t<\/h2>\n\t<p>\u00d6zellikle end\u00fcstriyel tesislerde bas\u0131n\u00e7l\u0131 hava enerji verimlili\u011fi, i\u015fletmelerin karbon ayak izini azaltarak \u00e7evresel s\u00fcrd\u00fcr\u00fclebilirli\u011fi art\u0131r\u0131rken, ayn\u0131 zamanda operasyonel maliyetleri de \u00f6nemli \u00f6l\u00e7\u00fcde d\u00fc\u015f\u00fcr\u00fcyor.<\/p>\n<p>Daha verimli bir bas\u0131n\u00e7l\u0131 hava sistemi, enerji tasarrufunda sa\u011flad\u0131\u011f\u0131 avantajlarla i\u015fletmelere rekabet avantaj\u0131 kazand\u0131r\u0131rken, bak\u0131m maliyetlerini azaltarak uzun vadeli karl\u0131l\u0131\u011f\u0131 art\u0131r\u0131yor.<\/p>\n<p>Bas\u0131n\u00e7l\u0131 hava enerji verimlili\u011fi, sadece i\u015fletmelerin de\u011fil, ayn\u0131 zamanda gezegenimizin de gelece\u011fi i\u00e7in kritik bir ad\u0131m olarak \u00f6ne \u00e7\u0131k\u0131yor.<\/p>\n<h2>\n\t\tEnerjinizi Ka\u00e7aklardan Kurtar\u0131n, \u0130\u015fletmenizi G\u00fc\u00e7lendirin!\n\t<\/h2>\n\t<blockquote>\n<p>GMC End\u00fcstriyel olarak i\u015fletmenizdeki bas\u0131n\u00e7l\u0131 hava ka\u00e7aklar\u0131n\u0131z\u0131 kompres\u00f6r dairesinden ba\u015flay\u0131p her bir makinan\u0131z\u0131 tek tek \u00f6l\u00e7\u00fcm yaparak hem fiziksel hem de dijital ortamda kay\u0131t alt\u0131na al\u0131yor ve sizlere ISO50001 kapsam\u0131nda raporluyoruz.<\/p>\n<\/blockquote>\n\t\t\t<a href=\"https:\/\/www.gmcendustriyel.com\/index.php\/basincli-hava-hizmetleri\/\" target=\"_blank\" rel=\"noopener\">\n\t\t\t\t\t\tBas\u0131n\u00e7l\u0131 Hava Enerji Verimlili\u011fi Hizmetlerimize G\u00f6z At\u0131n !\n\t\t\t\t\t<\/a>\n\n","protected":false},"excerpt":{"rendered":"<p>sales@gmcendustriyel.com +90 545 569 5678 Bas\u0131n\u00e7l\u0131 Hava Enerji Verimlili\u011fi \u00d6zellikle end\u00fcstriyel tesislerde bas\u0131n\u00e7l\u0131 hava enerji verimlili\u011fi, i\u015fletmelerin karbon ayak izini azaltarak \u00e7evresel s\u00fcrd\u00fcr\u00fclebilirli\u011fi art\u0131r\u0131rken, ayn\u0131 zamanda operasyonel maliyetleri de \u00f6nemli \u00f6l\u00e7\u00fcde d\u00fc\u015f\u00fcr\u00fcyor. Daha verimli bir bas\u0131n\u00e7l\u0131 hava sistemi, enerji tasarrufunda sa\u011flad\u0131\u011f\u0131 avantajlarla i\u015fletmelere rekabet avantaj\u0131 kazand\u0131r\u0131rken, bak\u0131m maliyetlerini azaltarak uzun vadeli karl\u0131l\u0131\u011f\u0131 art\u0131r\u0131yor. Bas\u0131n\u00e7l\u0131 hava [&hellip;]<\/p>\n","protected":false},"author":1,"featured_media":0,"parent":0,"menu_order":0,"comment_status":"closed","ping_status":"closed","template":"","meta":{"site-sidebar-layout":"no-sidebar","site-content-layout":"page-builder","ast-site-content-layout":"default","site-content-style":"default","site-sidebar-style":"default","ast-global-header-display":"","ast-banner-title-visibility":"","ast-main-header-display":"","ast-hfb-above-header-display":"","ast-hfb-below-header-display":"","ast-hfb-mobile-header-display":"","site-post-title":"disabled","ast-breadcrumbs-content":"","ast-featured-img":"disabled","footer-sml-layout":"","theme-transparent-header-meta":"","adv-header-id-meta":"","stick-header-meta":"","header-above-stick-meta":"","header-main-stick-meta":"","header-below-stick-meta":"","astra-migrate-meta-layouts":"default","ast-page-background-enabled":"default","ast-page-background-meta":{"desktop":{"background-color":"","background-image":"","background-repeat":"repeat","background-position":"center center","background-size":"auto","background-attachment":"scroll","background-type":"","background-media":"","overlay-type":"","overlay-color":"","overlay-opacity":"","overlay-gradient":""},"tablet":{"background-color":"","background-image":"","background-repeat":"repeat","background-position":"center center","background-size":"auto","background-attachment":"scroll","background-type":"","background-media":"","overlay-type":"","overlay-color":"","overlay-opacity":"","overlay-gradient":""},"mobile":{"background-color":"","background-image":"","background-repeat":"repeat","background-position":"center center","background-size":"auto","background-attachment":"scroll","background-type":"","background-media":"","overlay-type":"","overlay-color":"","overlay-opacity":"","overlay-gradient":""}},"ast-content-background-meta":{"desktop":{"background-color":"var(--ast-global-color-5)","background-image":"","background-repeat":"repeat","background-position":"center center","background-size":"auto","background-attachment":"scroll","background-type":"","background-media":"","overlay-type":"","overlay-color":"","overlay-opacity":"","overlay-gradient":""},"tablet":{"background-color":"var(--ast-global-color-5)","background-image":"","background-repeat":"repeat","background-position":"center center","background-size":"auto","background-attachment":"scroll","background-type":"","background-media":"","overlay-type":"","overlay-color":"","overlay-opacity":"","overlay-gradient":""},"mobile":{"background-color":"var(--ast-global-color-5)","background-image":"","background-repeat":"repeat","background-position":"center center","background-size":"auto","background-attachment":"scroll","background-type":"","background-media":"","overlay-type":"","overlay-color":"","overlay-opacity":"","overlay-gradient":""}},"footnotes":""},"class_list":["post-14","page","type-page","status-publish","hentry"],"_links":{"self":[{"href":"https:\/\/www.gmcendustriyel.com\/index.php\/wp-json\/wp\/v2\/pages\/14","targetHints":{"allow":["GET"]}}],"collection":[{"href":"https:\/\/www.gmcendustriyel.com\/index.php\/wp-json\/wp\/v2\/pages"}],"about":[{"href":"https:\/\/www.gmcendustriyel.com\/index.php\/wp-json\/wp\/v2\/types\/page"}],"author":[{"embeddable":true,"href":"https:\/\/www.gmcendustriyel.com\/index.php\/wp-json\/wp\/v2\/users\/1"}],"replies":[{"embeddable":true,"href":"https:\/\/www.gmcendustriyel.com\/index.php\/wp-json\/wp\/v2\/comments?post=14"}],"version-history":[{"count":13,"href":"https:\/\/www.gmcendustriyel.com\/index.php\/wp-json\/wp\/v2\/pages\/14\/revisions"}],"predecessor-version":[{"id":3300,"href":"https:\/\/www.gmcendustriyel.com\/index.php\/wp-json\/wp\/v2\/pages\/14\/revisions\/3300"}],"wp:attachment":[{"href":"https:\/\/www.gmcendustriyel.com\/index.php\/wp-json\/wp\/v2\/media?parent=14"}],"curies":[{"name":"wp","href":"https:\/\/api.w.org\/{rel}","templated":true}]}}