{"id":2934,"date":"2018-10-16T13:10:26","date_gmt":"2018-10-16T13:10:26","guid":{"rendered":"http:\/\/www.gmcendustriyel.com\/index.php\/about\/"},"modified":"2024-04-17T14:16:41","modified_gmt":"2024-04-17T14:16:41","slug":"hakkimizda","status":"publish","type":"page","link":"https:\/\/www.gmcendustriyel.com\/index.php\/hakkimizda\/","title":{"rendered":"HAKKIMIZDA"},"content":{"rendered":"\n\n\t\t\t\t<img loading=\"lazy\" decoding=\"async\" src=\"https:\/\/www.gmcendustriyel.com\/wp-content\/uploads\/2024\/04\/gmc-logo-yatay.png\" alt=\"gmc logo yatay\" itemprop=\"image\" height=\"247\" width=\"1602\" title=\"gmc logo yatay\" onerror=\"this.style.display='none'\"  \/>\n\t\t\t\t<img decoding=\"async\" src=\"http:\/\/www.gmcendustriyel.com\/wp-content\/uploads\/2022\/09\/Compressor-Room-2.webp\" alt=\"basincli hava\" itemprop=\"image\" title=\"Compressor Room-2\" onerror=\"this.style.display='none'\"  \/>\n\t<h2>\n\t\t\t\t\tHakk\u0131m\u0131zda\n\t\t\t\t<\/h2>\n\t\t\t<blockquote>\n<p>GMC Industrial Automation firmas\u0131 olarak m\u00fchendislik alt yap\u0131m\u0131z ve tecr\u00fcbemiz ile pn\u00f6matik ve proses grubu \u00fcr\u00fcn gruplar\u0131nda sekt\u00f6r\u00fcn \u00f6nde gelen markalar\u0131yla sizlere hizmet vermekteyiz.\u00a0<\/p>\n<p>\u00a0<\/p>\n<p>Pn\u00f6matik pano imalat\u0131 ve \u00f6zel makina imalatlar\u0131n\u0131zda destek vermekteyiz.<\/p>\n<\/blockquote>\n\t<blockquote><p>Bas\u0131n\u00e7l\u0131 havada enerji verimlili\u011fi servis hizmetlerimizle enerji maliyetlerinizi ve karbon ayak izinizi azaltman\u0131za yard\u0131mc\u0131 oluyoruz. Servis hizmetlerimize <a href=\"https:\/\/www.gmcendustriyel.com\/index.php\/basincli-hava-hizmetleri\/\">g\u00f6z at\u0131n.<\/a><\/p>\n<ul>\n<li>Bas\u0131n\u00e7l\u0131 Hava Enerji Verimlili\u011fi Analizi<\/li>\n<li>Bas\u0131n\u00e7l\u0131 Hava Ka\u00e7ak Tespiti<\/li>\n<li>Kompres\u00f6r Enerji Verimlili\u011fi Analizi<\/li>\n<li>Bas\u0131n\u00e7l\u0131 Hava Kalitesi Analizi<\/li>\n<li>Bas\u0131n\u00e7l\u0131 Hava Sistem Tasar\u0131m\u0131<\/li>\n<\/ul>\n<\/blockquote>\n\t\t\t\t\t\t\t\t\t\t\t\t<h2>Bizimle ileti\u015fime ge\u00e7in !<\/h2>\n\t\t\t\t\t\t<a href=\"mailto:sales@gmcendustriyel.com\"><strong>sales@gmcendustriyel.com<\/strong><\/a>\t\t\t\t\t\n\t\t\t<!-- END .front -->\n\t\t\t\t\t\t\t\t\t\t<h2>Bizimle ileti\u015fime ge\u00e7in !<\/h2>\n\t\t\t\t\t\t<strong>+90545 569 5678<\/strong>\t\t\t\t\t\n\t\t\t<!-- END .back -->\n\t\t <!-- ifb-flip-box -->\n\t <!-- flip-box -->\n\t<h6>\n\t\t\t\t\tMisyonumuz\n\t\t\t\t<\/h6>\n\t\t\t<p>Bas\u0131n\u00e7l\u0131 Hava Enerji Verimlili\u011fi Servis Hizmetleri, Pn\u00f6matik, \u00d6l\u00e7\u00fcm Ekipmanlar\u0131, Proses Otomasyonu, Bas\u0131n\u00e7l\u0131 Hava \u015eartland\u0131rma Ekipmanlar\u0131 ve End\u00fcstriyel Otomasyon alanlar\u0131nda sahip oldu\u011fumuz profesyonel tecr\u00fcbemiz ve m\u00fchendislik altyap\u0131m\u0131zla teknolojik de\u011fi\u015fimlere uyum sa\u011flayarak m\u00fc\u015fterilerimize de\u011fer katan \u00fcr\u00fcn ve hizmetler sa\u011flamakt\u0131r.<\/p>\n\t<h6>\n\t\t\t\t\tVizyonumuz ve De\u011ferlerimiz\n\t\t\t\t<\/h6>\n\t\t\t<p>End\u00fcstriyel Otomasyon alan\u0131nda teknolojik de\u011fi\u015fimler \u0131\u015f\u0131\u011f\u0131nda sat\u0131\u015f\u0131n\u0131 ger\u00e7ekle\u015ftirdi\u011fimiz proje ve \u00fcr\u00fcnlerle m\u00fc\u015fterilerimize de\u011fer katarak End\u00fcstri 4.0&#8217;a ula\u015fma yolunda ve vermi\u015f oldu\u011fumuz bas\u0131n\u00e7l\u0131 hava enerji verimlili\u011fi servis hizmetlerimizle i\u015fletmelerin enerji maliyetlerinin azalt\u0131lmas\u0131, karbon ayak izinin ve enerji yo\u011funlu\u011funun d\u00fc\u015f\u00fcr\u00fclmesini sa\u011flayarak \u00e7\u00f6z\u00fcm orta\u011f\u0131 olmakt\u0131r.<\/p>\n<ul>\n<li>\u0130\u015f Ahlak\u0131<\/li>\n<li>De\u011fi\u015fime Uyum<\/li>\n<li>M\u00fc\u015fteri Odakl\u0131l\u0131k<\/li>\n<li>Profesyonel Yakla\u015f\u0131m<\/li>\n<li>S\u00fcrd\u00fcr\u00fclebilir B\u00fcy\u00fcme<\/li>\n<\/ul>\n\t<h2>\n\t\t\t\t\tneden bizi se\u00e7melisiniz\n\t\t\t\t<\/h2>\n\t<ul>\n\t\t<li>\t\t\t\t\n\t\t<h6>H\u0131zl\u0131 m\u00fc\u015fteri servisleri<\/h6><\/li><li>\t\t\t\t\n\t\t<h6>Profosyonel ve \u00e7\u00f6z\u00fcm odakl\u0131 yakla\u015f\u0131m<\/h6><\/li><li>\t\t\t\t\n\t\t<h6>uygun fiyatland\u0131rma<\/h6><\/li><li>\t\t\t\t\n\t\t<h6>kararl\u0131l\u0131k ve g\u00fcvenilirlik<\/h6><\/li><li>\t\t\t\t\n\t\t<h6>uzun soluklu partnerlik<\/h6><\/li>\t<\/ul>\n\n","protected":false},"excerpt":{"rendered":"<p>Hakk\u0131m\u0131zda GMC Industrial Automation firmas\u0131 olarak m\u00fchendislik alt yap\u0131m\u0131z ve tecr\u00fcbemiz ile pn\u00f6matik ve proses grubu \u00fcr\u00fcn gruplar\u0131nda sekt\u00f6r\u00fcn \u00f6nde gelen markalar\u0131yla sizlere hizmet vermekteyiz.\u00a0 \u00a0 Pn\u00f6matik pano imalat\u0131 ve \u00f6zel makina imalatlar\u0131n\u0131zda destek vermekteyiz. Bas\u0131n\u00e7l\u0131 havada enerji verimlili\u011fi servis hizmetlerimizle enerji maliyetlerinizi ve karbon ayak izinizi azaltman\u0131za yard\u0131mc\u0131 oluyoruz. Servis hizmetlerimize g\u00f6z at\u0131n. Bas\u0131n\u00e7l\u0131 [&hellip;]<\/p>\n","protected":false},"author":1,"featured_media":0,"parent":0,"menu_order":0,"comment_status":"closed","ping_status":"closed","template":"","meta":{"site-sidebar-layout":"no-sidebar","site-content-layout":"page-builder","ast-site-content-layout":"default","site-content-style":"default","site-sidebar-style":"default","ast-global-header-display":"","ast-banner-title-visibility":"","ast-main-header-display":"","ast-hfb-above-header-display":"","ast-hfb-below-header-display":"","ast-hfb-mobile-header-display":"","site-post-title":"disabled","ast-breadcrumbs-content":"","ast-featured-img":"disabled","footer-sml-layout":"","theme-transparent-header-meta":"","adv-header-id-meta":"","stick-header-meta":"","header-above-stick-meta":"","header-main-stick-meta":"","header-below-stick-meta":"","astra-migrate-meta-layouts":"default","ast-page-background-enabled":"default","ast-page-background-meta":{"desktop":{"background-color":"","background-image":"","background-repeat":"repeat","background-position":"center center","background-size":"auto","background-attachment":"scroll","background-type":"","background-media":"","overlay-type":"","overlay-color":"","overlay-opacity":"","overlay-gradient":""},"tablet":{"background-color":"","background-image":"","background-repeat":"repeat","background-position":"center center","background-size":"auto","background-attachment":"scroll","background-type":"","background-media":"","overlay-type":"","overlay-color":"","overlay-opacity":"","overlay-gradient":""},"mobile":{"background-color":"","background-image":"","background-repeat":"repeat","background-position":"center center","background-size":"auto","background-attachment":"scroll","background-type":"","background-media":"","overlay-type":"","overlay-color":"","overlay-opacity":"","overlay-gradient":""}},"ast-content-background-meta":{"desktop":{"background-color":"var(--ast-global-color-5)","background-image":"","background-repeat":"repeat","background-position":"center center","background-size":"auto","background-attachment":"scroll","background-type":"","background-media":"","overlay-type":"","overlay-color":"","overlay-opacity":"","overlay-gradient":""},"tablet":{"background-color":"var(--ast-global-color-5)","background-image":"","background-repeat":"repeat","background-position":"center center","background-size":"auto","background-attachment":"scroll","background-type":"","background-media":"","overlay-type":"","overlay-color":"","overlay-opacity":"","overlay-gradient":""},"mobile":{"background-color":"var(--ast-global-color-5)","background-image":"","background-repeat":"repeat","background-position":"center center","background-size":"auto","background-attachment":"scroll","background-type":"","background-media":"","overlay-type":"","overlay-color":"","overlay-opacity":"","overlay-gradient":""}},"footnotes":""},"class_list":["post-2934","page","type-page","status-publish","hentry"],"_links":{"self":[{"href":"https:\/\/www.gmcendustriyel.com\/index.php\/wp-json\/wp\/v2\/pages\/2934","targetHints":{"allow":["GET"]}}],"collection":[{"href":"https:\/\/www.gmcendustriyel.com\/index.php\/wp-json\/wp\/v2\/pages"}],"about":[{"href":"https:\/\/www.gmcendustriyel.com\/index.php\/wp-json\/wp\/v2\/types\/page"}],"author":[{"embeddable":true,"href":"https:\/\/www.gmcendustriyel.com\/index.php\/wp-json\/wp\/v2\/users\/1"}],"replies":[{"embeddable":true,"href":"https:\/\/www.gmcendustriyel.com\/index.php\/wp-json\/wp\/v2\/comments?post=2934"}],"version-history":[{"count":9,"href":"https:\/\/www.gmcendustriyel.com\/index.php\/wp-json\/wp\/v2\/pages\/2934\/revisions"}],"predecessor-version":[{"id":3294,"href":"https:\/\/www.gmcendustriyel.com\/index.php\/wp-json\/wp\/v2\/pages\/2934\/revisions\/3294"}],"wp:attachment":[{"href":"https:\/\/www.gmcendustriyel.com\/index.php\/wp-json\/wp\/v2\/media?parent=2934"}],"curies":[{"name":"wp","href":"https:\/\/api.w.org\/{rel}","templated":true}]}}