{"id":3129,"date":"2022-11-08T12:07:49","date_gmt":"2022-11-08T12:07:49","guid":{"rendered":"https:\/\/www.gmcendustriyel.com\/?page_id=3129"},"modified":"2024-04-23T10:56:46","modified_gmt":"2024-04-23T10:56:46","slug":"urun-gruplari","status":"publish","type":"page","link":"https:\/\/www.gmcendustriyel.com\/index.php\/urun-gruplari\/","title":{"rendered":"\u00dcr\u00fcn Gruplar\u0131"},"content":{"rendered":"\n\n\t\t\t\t<img loading=\"lazy\" decoding=\"async\" src=\"https:\/\/www.gmcendustriyel.com\/wp-content\/uploads\/2024\/04\/gmc-logo-yatay.png\" alt=\"gmc logo yatay\" itemprop=\"image\" height=\"247\" width=\"1602\" title=\"gmc logo yatay\" onerror=\"this.style.display='none'\"  \/>\n\t\t\t\t<img decoding=\"async\" src=\"https:\/\/www.gmcendustriyel.com\/wp-content\/uploads\/2022\/11\/gribeyazyesilkahverengiyirtik-fotograf-bantli-kuru-cicekler-fotograf-kolaji-1.png\" alt=\"pnomatik\" itemprop=\"image\"\/>\n\t<h3>\n\t\t\t\t\t<a href=\"https:\/\/www.gmcendustriyel.com\/index.php\/pnomatik-urun-grubu\/\" title=\"PN\u00d6MAT\u0130K \u00dcR\u00dcN GRUBU\" target=\"_self\" rel=\"noopener\">\n\t\t\t\t\t\tPN\u00d6MAT\u0130K \u00dcR\u00dcN GRUBU\n\t\t\t\t\t\t<\/a>\n\t\t\t<\/h3>\n\t\t\t<p>GMC End\u00fcstriyel Otomasyon firmas\u0131 olarak pn\u00f6matik \u00fcr\u00fcn grubunda sekt\u00f6r\u00fcn \u00f6nde gelen markalar\u0131yla \u00e7al\u0131\u015fmaktay\u0131z.<\/p>\n<p>Festo, Pemaks ve Smc markalar\u0131yla i\u015fletmeniz i\u00e7in en uygun \u00fcr\u00fcn\u00fc belirleyip sizlere h\u0131zl\u0131 bir \u015fekilde hizmet sunmay\u0131 ama\u00e7l\u0131yoruz.<\/p>\n<hr \/>\n<p><a href=\"mailto:sales@gmcendustriyel.com\"><strong>sales@gmcendustriyel.com<\/strong><\/a><\/p>\n<p><strong>+90 534 606 6911<\/strong><\/p>\n\t\t\t<a href=\"https:\/\/www.gmcendustriyel.com\/index.php\/pnomatik-urun-grubu\/\" target=\"_self\" rel=\"noopener\">\n\t\t\t\t\t\t\u00dcr\u00fcnler\n\t\t\t\t\t<\/a>\n\t\t\t\t<a href=\"https:\/\/www.gmcendustriyel.com\/index.php\/proses-otomasyon\/\" target=\"_self\" itemprop=\"url\" rel=\"noopener\">\n\t\t\t\t<img loading=\"lazy\" decoding=\"async\" src=\"https:\/\/www.gmcendustriyel.com\/wp-content\/uploads\/2022\/11\/convalve.png\" alt=\"convalve\" itemprop=\"image\" height=\"1600\" width=\"2000\" title=\"convalve\" onerror=\"this.style.display='none'\"  \/>\n\t\t\t\t<\/a>\n\t<h3>\n\t\t\t\t\t<a href=\"https:\/\/www.gmcendustriyel.com\/index.php\/proses-otomasyon\/\" title=\"Proses Otomasyon Grubu\" target=\"_self\" rel=\"noopener\">\n\t\t\t\t\t\tProses Otomasyon Grubu\n\t\t\t\t\t\t<\/a>\n\t\t\t<\/h3>\n\t\t\t<p>GMC End\u00fcstriyel Otomasyon firmas\u0131 olarak Hollandal\u0131 Convalve markas\u0131n\u0131n bayili\u011fini yapmaktay\u0131z.\u00a0<\/p>\n<p>Kelebek, k\u00fcresel, pistonlu vana gruplar\u0131 ve akt\u00fcat\u00f6rleri i\u00e7in l\u00fctfen bizimle ileti\u015fime ge\u00e7in !<\/p>\n<hr \/>\n<p><strong><a href=\"sales@gmcendustriyel.com\">sales@gmcendustriyel.com<\/a><\/strong><\/p>\n<p><strong>+90 534 606 6911<\/strong><\/p>\n\t\t\t<a href=\"https:\/\/www.gmcendustriyel.com\/index.php\/proses-otomasyon\/\" target=\"_self\" rel=\"noopener\">\n\t\t\t\t\t\t\u00dcr\u00fcnler\n\t\t\t\t\t<\/a>\n\n","protected":false},"excerpt":{"rendered":"<p>PN\u00d6MAT\u0130K \u00dcR\u00dcN GRUBU GMC End\u00fcstriyel Otomasyon firmas\u0131 olarak pn\u00f6matik \u00fcr\u00fcn grubunda sekt\u00f6r\u00fcn \u00f6nde gelen markalar\u0131yla \u00e7al\u0131\u015fmaktay\u0131z. Festo, Pemaks ve Smc markalar\u0131yla i\u015fletmeniz i\u00e7in en uygun \u00fcr\u00fcn\u00fc belirleyip sizlere h\u0131zl\u0131 bir \u015fekilde hizmet sunmay\u0131 ama\u00e7l\u0131yoruz. sales@gmcendustriyel.com +90 534 606 6911 \u00dcr\u00fcnler Proses Otomasyon Grubu GMC End\u00fcstriyel Otomasyon firmas\u0131 olarak Hollandal\u0131 Convalve markas\u0131n\u0131n bayili\u011fini yapmaktay\u0131z.\u00a0 Kelebek, k\u00fcresel, [&hellip;]<\/p>\n","protected":false},"author":1,"featured_media":0,"parent":0,"menu_order":0,"comment_status":"closed","ping_status":"closed","template":"","meta":{"site-sidebar-layout":"no-sidebar","site-content-layout":"page-builder","ast-site-content-layout":"default","site-content-style":"default","site-sidebar-style":"default","ast-global-header-display":"","ast-banner-title-visibility":"","ast-main-header-display":"","ast-hfb-above-header-display":"","ast-hfb-below-header-display":"","ast-hfb-mobile-header-display":"","site-post-title":"disabled","ast-breadcrumbs-content":"","ast-featured-img":"disabled","footer-sml-layout":"","theme-transparent-header-meta":"","adv-header-id-meta":"","stick-header-meta":"","header-above-stick-meta":"","header-main-stick-meta":"","header-below-stick-meta":"","astra-migrate-meta-layouts":"default","ast-page-background-enabled":"default","ast-page-background-meta":{"desktop":{"background-color":"","background-image":"","background-repeat":"repeat","background-position":"center center","background-size":"auto","background-attachment":"scroll","background-type":"","background-media":"","overlay-type":"","overlay-color":"","overlay-opacity":"","overlay-gradient":""},"tablet":{"background-color":"","background-image":"","background-repeat":"repeat","background-position":"center center","background-size":"auto","background-attachment":"scroll","background-type":"","background-media":"","overlay-type":"","overlay-color":"","overlay-opacity":"","overlay-gradient":""},"mobile":{"background-color":"","background-image":"","background-repeat":"repeat","background-position":"center center","background-size":"auto","background-attachment":"scroll","background-type":"","background-media":"","overlay-type":"","overlay-color":"","overlay-opacity":"","overlay-gradient":""}},"ast-content-background-meta":{"desktop":{"background-color":"var(--ast-global-color-5)","background-image":"","background-repeat":"repeat","background-position":"center center","background-size":"auto","background-attachment":"scroll","background-type":"","background-media":"","overlay-type":"","overlay-color":"","overlay-opacity":"","overlay-gradient":""},"tablet":{"background-color":"var(--ast-global-color-5)","background-image":"","background-repeat":"repeat","background-position":"center center","background-size":"auto","background-attachment":"scroll","background-type":"","background-media":"","overlay-type":"","overlay-color":"","overlay-opacity":"","overlay-gradient":""},"mobile":{"background-color":"var(--ast-global-color-5)","background-image":"","background-repeat":"repeat","background-position":"center center","background-size":"auto","background-attachment":"scroll","background-type":"","background-media":"","overlay-type":"","overlay-color":"","overlay-opacity":"","overlay-gradient":""}},"footnotes":""},"class_list":["post-3129","page","type-page","status-publish","hentry"],"_links":{"self":[{"href":"https:\/\/www.gmcendustriyel.com\/index.php\/wp-json\/wp\/v2\/pages\/3129","targetHints":{"allow":["GET"]}}],"collection":[{"href":"https:\/\/www.gmcendustriyel.com\/index.php\/wp-json\/wp\/v2\/pages"}],"about":[{"href":"https:\/\/www.gmcendustriyel.com\/index.php\/wp-json\/wp\/v2\/types\/page"}],"author":[{"embeddable":true,"href":"https:\/\/www.gmcendustriyel.com\/index.php\/wp-json\/wp\/v2\/users\/1"}],"replies":[{"embeddable":true,"href":"https:\/\/www.gmcendustriyel.com\/index.php\/wp-json\/wp\/v2\/comments?post=3129"}],"version-history":[{"count":12,"href":"https:\/\/www.gmcendustriyel.com\/index.php\/wp-json\/wp\/v2\/pages\/3129\/revisions"}],"predecessor-version":[{"id":3309,"href":"https:\/\/www.gmcendustriyel.com\/index.php\/wp-json\/wp\/v2\/pages\/3129\/revisions\/3309"}],"wp:attachment":[{"href":"https:\/\/www.gmcendustriyel.com\/index.php\/wp-json\/wp\/v2\/media?parent=3129"}],"curies":[{"name":"wp","href":"https:\/\/api.w.org\/{rel}","templated":true}]}}